{"id":102,"date":"2021-02-03T18:03:48","date_gmt":"2021-02-03T18:03:48","guid":{"rendered":"https:\/\/dev.dtv-wettingen.ch\/?page_id=102"},"modified":"2021-02-27T22:55:36","modified_gmt":"2021-02-27T21:55:36","slug":"maedchenriege","status":"publish","type":"page","link":"https:\/\/dev.dtv-wettingen.ch\/index.php\/maedchenriege\/","title":{"rendered":"M\u00e4dchenriege"},"content":{"rendered":"\t\t<div data-elementor-type=\"wp-page\" data-elementor-id=\"102\" class=\"elementor elementor-102\" data-elementor-settings=\"[]\">\n\t\t\t\t\t\t\t<div class=\"elementor-section-wrap\">\n\t\t\t\t\t\t\t<section class=\"elementor-section elementor-top-section elementor-element elementor-element-50844b3 elementor-section-boxed elementor-section-height-default elementor-section-height-default\" data-id=\"50844b3\" data-element_type=\"section\">\n\t\t\t\t\t\t<div class=\"elementor-container elementor-column-gap-default\">\n\t\t\t\t\t<div class=\"elementor-column elementor-col-100 elementor-top-column elementor-element elementor-element-29976e9\" data-id=\"29976e9\" data-element_type=\"column\">\n\t\t\t<div class=\"elementor-widget-wrap elementor-element-populated\">\n\t\t\t\t\t\t\t\t<div class=\"elementor-element elementor-element-332a949 elementor-widget elementor-widget-heading\" data-id=\"332a949\" data-element_type=\"widget\" data-widget_type=\"heading.default\">\n\t\t\t\t<div class=\"elementor-widget-container\">\n\t\t\t<h2 class=\"elementor-heading-title elementor-size-default\">M\u00e4dchenriege<\/h2>\t\t<\/div>\n\t\t\t\t<\/div>\n\t\t\t\t\t<\/div>\n\t\t<\/div>\n\t\t\t\t\t\t\t<\/div>\n\t\t<\/section>\n\t\t\t\t<section class=\"elementor-section elementor-top-section elementor-element elementor-element-603bf59 elementor-section-boxed elementor-section-height-default elementor-section-height-default\" data-id=\"603bf59\" data-element_type=\"section\">\n\t\t\t\t\t\t<div class=\"elementor-container elementor-column-gap-default\">\n\t\t\t\t\t<div class=\"elementor-column elementor-col-33 elementor-top-column elementor-element elementor-element-229fca1\" data-id=\"229fca1\" data-element_type=\"column\">\n\t\t\t<div class=\"elementor-widget-wrap\">\n\t\t\t\t\t\t\t\t\t<\/div>\n\t\t<\/div>\n\t\t\t\t<div class=\"elementor-column elementor-col-33 elementor-top-column elementor-element elementor-element-064ffa8\" data-id=\"064ffa8\" data-element_type=\"column\">\n\t\t\t<div class=\"elementor-widget-wrap elementor-element-populated\">\n\t\t\t\t\t\t\t\t<div class=\"elementor-element elementor-element-342c5d3 elementor-widget elementor-widget-image\" data-id=\"342c5d3\" data-element_type=\"widget\" data-widget_type=\"image.default\">\n\t\t\t\t<div class=\"elementor-widget-container\">\n\t\t\t\t\t\t\t\t\t\t\t\t\t\t\t<img width=\"1440\" height=\"1080\" src=\"https:\/\/dev.dtv-wettingen.ch\/wp-content\/uploads\/2021\/02\/Gruppenfoto-1-1440x1080.jpg\" class=\"attachment-large size-large\" alt=\"\" loading=\"lazy\" srcset=\"https:\/\/dev.dtv-wettingen.ch\/wp-content\/uploads\/2021\/02\/Gruppenfoto-1-1440x1080.jpg 1440w, https:\/\/dev.dtv-wettingen.ch\/wp-content\/uploads\/2021\/02\/Gruppenfoto-1-300x225.jpg 300w, https:\/\/dev.dtv-wettingen.ch\/wp-content\/uploads\/2021\/02\/Gruppenfoto-1-768x576.jpg 768w, https:\/\/dev.dtv-wettingen.ch\/wp-content\/uploads\/2021\/02\/Gruppenfoto-1-1536x1152.jpg 1536w, https:\/\/dev.dtv-wettingen.ch\/wp-content\/uploads\/2021\/02\/Gruppenfoto-1-2048x1536.jpg 2048w\" sizes=\"(max-width: 1440px) 100vw, 1440px\" \/>\t\t\t\t\t\t\t\t\t\t\t\t\t\t\t<\/div>\n\t\t\t\t<\/div>\n\t\t\t\t<div class=\"elementor-element elementor-element-d1e51a9 elementor-widget elementor-widget-text-editor\" data-id=\"d1e51a9\" data-element_type=\"widget\" data-widget_type=\"text-editor.default\">\n\t\t\t\t<div class=\"elementor-widget-container\">\n\t\t\t\t\t\t\t<p>F\u00fcr alle M\u00e4dchen von der 1. bis 4. Klasse, die sich gerne bewegen und verschiedene Sportarten ausprobieren m\u00f6chten.<\/p><p>Unser Ziel ist es, den M\u00e4dchen Freude am Turnen weiterzugeben. Wir \u00fcben die Koordination einer Gymnastik, turnen an den Ger\u00e4ten, trainieren Leichtathletik und machen verschiedene Spiele.<\/p><p>K\u00f6rperschulung, Kameradschaft, sich an einem Turnfest in verschiedenen Disziplinen messen etc. sind Bestandteile der M\u00e4dchenriege. Auch stehen wir alle zwei Jahre an einer vereinsinternen Turn-Show im Rampenlicht.<\/p>\t\t\t\t\t\t<\/div>\n\t\t\t\t<\/div>\n\t\t\t\t\t<\/div>\n\t\t<\/div>\n\t\t\t\t<div class=\"elementor-column elementor-col-33 elementor-top-column elementor-element elementor-element-ac169f1\" data-id=\"ac169f1\" data-element_type=\"column\">\n\t\t\t<div class=\"elementor-widget-wrap\">\n\t\t\t\t\t\t\t\t\t<\/div>\n\t\t<\/div>\n\t\t\t\t\t\t\t<\/div>\n\t\t<\/section>\n\t\t\t\t<section class=\"elementor-section elementor-top-section elementor-element elementor-element-0dfa965 elementor-section-boxed elementor-section-height-default elementor-section-height-default\" data-id=\"0dfa965\" data-element_type=\"section\">\n\t\t\t\t\t\t<div class=\"elementor-container elementor-column-gap-default\">\n\t\t\t\t\t<div class=\"elementor-column elementor-col-100 elementor-top-column elementor-element elementor-element-32fde6d\" data-id=\"32fde6d\" data-element_type=\"column\">\n\t\t\t<div class=\"elementor-widget-wrap elementor-element-populated\">\n\t\t\t\t\t\t\t\t<div class=\"elementor-element elementor-element-14a902b elementor-widget elementor-widget-spacer\" data-id=\"14a902b\" data-element_type=\"widget\" data-widget_type=\"spacer.default\">\n\t\t\t\t<div class=\"elementor-widget-container\">\n\t\t\t\t\t<div class=\"elementor-spacer\">\n\t\t\t<div class=\"elementor-spacer-inner\"><\/div>\n\t\t<\/div>\n\t\t\t\t<\/div>\n\t\t\t\t<\/div>\n\t\t\t\t<div class=\"elementor-element elementor-element-ff0e1db elementor-widget elementor-widget-heading\" data-id=\"ff0e1db\" data-element_type=\"widget\" data-widget_type=\"heading.default\">\n\t\t\t\t<div class=\"elementor-widget-container\">\n\t\t\t<h2 class=\"elementor-heading-title elementor-size-default\">Unser Training<\/h2>\t\t<\/div>\n\t\t\t\t<\/div>\n\t\t\t\t<div class=\"elementor-element elementor-element-45a09ba elementor-widget elementor-widget-html\" data-id=\"45a09ba\" data-element_type=\"widget\" data-widget_type=\"html.default\">\n\t\t\t\t<div class=\"elementor-widget-container\">\n\t\t\t\n<table id=\"tablepress-7\" class=\"tablepress tablepress-id-7 tablepress-responsive\">\n<thead>\n<tr class=\"row-1 odd\">\n\t<th class=\"column-1\">Gruppe<\/th><th class=\"column-2\">Wochentag<\/th><th class=\"column-3\">Zeit<\/th><th class=\"column-4\">Jahrg\u00e4nge<\/th><th class=\"column-5\">Ort<\/th>\n<\/tr>\n<\/thead>\n<tbody class=\"row-hover\">\n<tr class=\"row-2 even\">\n\t<td class=\"column-1\">M\u00e4dchenriege<\/td><td class=\"column-2\">Dienstag<\/td><td class=\"column-3\">17.15 \u2013 18.45<\/td><td class=\"column-4\">1. bis 4. Klasse<\/td><td class=\"column-5\">Zweifachturnhalle Margel\u00e4cker<\/td>\n<\/tr>\n<\/tbody>\n<\/table>\n<!-- #tablepress-7 from cache -->\t\t<\/div>\n\t\t\t\t<\/div>\n\t\t\t\t\t<\/div>\n\t\t<\/div>\n\t\t\t\t\t\t\t<\/div>\n\t\t<\/section>\n\t\t\t\t<section class=\"elementor-section elementor-top-section elementor-element elementor-element-a4dc6f6 elementor-section-boxed elementor-section-height-default elementor-section-height-default\" data-id=\"a4dc6f6\" data-element_type=\"section\">\n\t\t\t\t\t\t<div class=\"elementor-container elementor-column-gap-default\">\n\t\t\t\t\t<div class=\"elementor-column elementor-col-33 elementor-top-column elementor-element elementor-element-0a9bf91\" data-id=\"0a9bf91\" data-element_type=\"column\">\n\t\t\t<div class=\"elementor-widget-wrap\">\n\t\t\t\t\t\t\t\t\t<\/div>\n\t\t<\/div>\n\t\t\t\t<div class=\"elementor-column elementor-col-33 elementor-top-column elementor-element elementor-element-03941d5\" data-id=\"03941d5\" data-element_type=\"column\">\n\t\t\t<div class=\"elementor-widget-wrap elementor-element-populated\">\n\t\t\t\t\t\t\t\t<div class=\"elementor-element elementor-element-3432fff elementor-widget elementor-widget-spacer\" data-id=\"3432fff\" data-element_type=\"widget\" data-widget_type=\"spacer.default\">\n\t\t\t\t<div class=\"elementor-widget-container\">\n\t\t\t\t\t<div class=\"elementor-spacer\">\n\t\t\t<div class=\"elementor-spacer-inner\"><\/div>\n\t\t<\/div>\n\t\t\t\t<\/div>\n\t\t\t\t<\/div>\n\t\t\t\t<div class=\"elementor-element elementor-element-606218a elementor-widget elementor-widget-heading\" data-id=\"606218a\" data-element_type=\"widget\" data-widget_type=\"heading.default\">\n\t\t\t\t<div class=\"elementor-widget-container\">\n\t\t\t<h2 class=\"elementor-heading-title elementor-size-default\">Leiterinnen<\/h2>\t\t<\/div>\n\t\t\t\t<\/div>\n\t\t\t\t<div class=\"elementor-element elementor-element-4c7d482 elementor-widget elementor-widget-image\" data-id=\"4c7d482\" data-element_type=\"widget\" data-widget_type=\"image.default\">\n\t\t\t\t<div class=\"elementor-widget-container\">\n\t\t\t\t\t\t\t\t\t\t\t\t\t\t\t<img width=\"1440\" height=\"1080\" src=\"https:\/\/dev.dtv-wettingen.ch\/wp-content\/uploads\/2021\/02\/Leiterfoto-1440x1080.jpg\" class=\"attachment-large size-large\" alt=\"\" loading=\"lazy\" srcset=\"https:\/\/dev.dtv-wettingen.ch\/wp-content\/uploads\/2021\/02\/Leiterfoto-1440x1080.jpg 1440w, https:\/\/dev.dtv-wettingen.ch\/wp-content\/uploads\/2021\/02\/Leiterfoto-300x225.jpg 300w, https:\/\/dev.dtv-wettingen.ch\/wp-content\/uploads\/2021\/02\/Leiterfoto-768x576.jpg 768w, https:\/\/dev.dtv-wettingen.ch\/wp-content\/uploads\/2021\/02\/Leiterfoto-1536x1152.jpg 1536w, https:\/\/dev.dtv-wettingen.ch\/wp-content\/uploads\/2021\/02\/Leiterfoto-2048x1536.jpg 2048w\" sizes=\"(max-width: 1440px) 100vw, 1440px\" \/>\t\t\t\t\t\t\t\t\t\t\t\t\t\t\t<\/div>\n\t\t\t\t<\/div>\n\t\t\t\t<div class=\"elementor-element elementor-element-83b5605 elementor-widget elementor-widget-text-editor\" data-id=\"83b5605\" data-element_type=\"widget\" data-widget_type=\"text-editor.default\">\n\t\t\t\t<div class=\"elementor-widget-container\">\n\t\t\t\t\t\t\t<p>Reana Biland \u2013 Leiterin<br \/>Susi Feiner \u2013 Verantwortliche Leiterin<br \/>Oliva Faggi \u2013 Leiterin\u00a0\u00a0\u00a0\u00a0\u00a0\u00a0\u00a0\u00a0\u00a0\u00a0\u00a0\u00a0\u00a0\u00a0\u00a0\u00a0\u00a0\u00a0\u00a0\u00a0\u00a0\u00a0\u00a0<br \/>Flavia Feiner \u2013 Hilfsleiterin<\/p><p>Kontakt:\u00a0 +41 79 656 54 65 (Susi Feiner) \/ maedchenriege@dtv-wettingen.ch<\/p>\t\t\t\t\t\t<\/div>\n\t\t\t\t<\/div>\n\t\t\t\t\t<\/div>\n\t\t<\/div>\n\t\t\t\t<div class=\"elementor-column elementor-col-33 elementor-top-column elementor-element elementor-element-02b135c\" data-id=\"02b135c\" data-element_type=\"column\">\n\t\t\t<div class=\"elementor-widget-wrap\">\n\t\t\t\t\t\t\t\t\t<\/div>\n\t\t<\/div>\n\t\t\t\t\t\t\t<\/div>\n\t\t<\/section>\n\t\t\t\t<section class=\"elementor-section elementor-top-section elementor-element elementor-element-89b0c56 elementor-section-boxed elementor-section-height-default elementor-section-height-default\" data-id=\"89b0c56\" data-element_type=\"section\">\n\t\t\t\t\t\t<div class=\"elementor-container elementor-column-gap-default\">\n\t\t\t\t\t<div class=\"elementor-column elementor-col-100 elementor-top-column elementor-element elementor-element-0b18b16\" data-id=\"0b18b16\" data-element_type=\"column\">\n\t\t\t<div class=\"elementor-widget-wrap elementor-element-populated\">\n\t\t\t\t\t\t\t\t<div class=\"elementor-element elementor-element-c364d08 elementor-widget elementor-widget-gallery\" data-id=\"c364d08\" data-element_type=\"widget\" data-settings=\"{&quot;columns&quot;:3,&quot;lazyload&quot;:&quot;yes&quot;,&quot;gallery_layout&quot;:&quot;grid&quot;,&quot;columns_tablet&quot;:2,&quot;columns_mobile&quot;:1,&quot;gap&quot;:{&quot;unit&quot;:&quot;px&quot;,&quot;size&quot;:10,&quot;sizes&quot;:[]},&quot;gap_tablet&quot;:{&quot;unit&quot;:&quot;px&quot;,&quot;size&quot;:10,&quot;sizes&quot;:[]},&quot;gap_mobile&quot;:{&quot;unit&quot;:&quot;px&quot;,&quot;size&quot;:10,&quot;sizes&quot;:[]},&quot;link_to&quot;:&quot;file&quot;,&quot;aspect_ratio&quot;:&quot;3:2&quot;,&quot;overlay_background&quot;:&quot;yes&quot;,&quot;content_hover_animation&quot;:&quot;fade-in&quot;}\" data-widget_type=\"gallery.default\">\n\t\t\t\t<div class=\"elementor-widget-container\">\n\t\t\t\t\t<div class=\"elementor-gallery__container\">\n\t\t\t\t\t\t\t<a class=\"e-gallery-item elementor-gallery-item elementor-animated-content\" href=\"https:\/\/dev.dtv-wettingen.ch\/wp-content\/uploads\/2021\/02\/PXL_20210119_174131433-scaled.jpg\" data-elementor-open-lightbox=\"yes\" data-elementor-lightbox-slideshow=\"all-c364d08\">\n\t\t\t\t\t<div class=\"e-gallery-image elementor-gallery-item__image\" data-thumbnail=\"https:\/\/dev.dtv-wettingen.ch\/wp-content\/uploads\/2021\/02\/PXL_20210119_174131433-768x576.jpg\" data-width=\"768\" data-height=\"576\" alt=\"\" ><\/div>\n\t\t\t\t\t\t\t\t\t\t<div class=\"elementor-gallery-item__overlay\"><\/div>\n\t\t\t\t\t\t\t\t\t\t\t\t\t\t<\/a>\n\t\t\t\t\t\t\t<a class=\"e-gallery-item elementor-gallery-item elementor-animated-content\" href=\"https:\/\/dev.dtv-wettingen.ch\/wp-content\/uploads\/2021\/02\/IMG-20200915-WA0007.jpg\" data-elementor-open-lightbox=\"yes\" data-elementor-lightbox-slideshow=\"all-c364d08\">\n\t\t\t\t\t<div class=\"e-gallery-image elementor-gallery-item__image\" data-thumbnail=\"https:\/\/dev.dtv-wettingen.ch\/wp-content\/uploads\/2021\/02\/IMG-20200915-WA0007-768x576.jpg\" data-width=\"768\" data-height=\"576\" alt=\"\" ><\/div>\n\t\t\t\t\t\t\t\t\t\t<div class=\"elementor-gallery-item__overlay\"><\/div>\n\t\t\t\t\t\t\t\t\t\t\t\t\t\t<\/a>\n\t\t\t\t\t\t\t<a class=\"e-gallery-item elementor-gallery-item elementor-animated-content\" href=\"https:\/\/dev.dtv-wettingen.ch\/wp-content\/uploads\/2021\/02\/20200114_175245.jpg\" data-elementor-open-lightbox=\"yes\" data-elementor-lightbox-slideshow=\"all-c364d08\">\n\t\t\t\t\t<div class=\"e-gallery-image elementor-gallery-item__image\" data-thumbnail=\"https:\/\/dev.dtv-wettingen.ch\/wp-content\/uploads\/2021\/02\/20200114_175245-768x576.jpg\" data-width=\"768\" data-height=\"576\" alt=\"\" ><\/div>\n\t\t\t\t\t\t\t\t\t\t<div class=\"elementor-gallery-item__overlay\"><\/div>\n\t\t\t\t\t\t\t\t\t\t\t\t\t\t<\/a>\n\t\t\t\t\t\t\t<a class=\"e-gallery-item elementor-gallery-item elementor-animated-content\" href=\"https:\/\/dev.dtv-wettingen.ch\/wp-content\/uploads\/2021\/02\/20191210_184427.jpg\" data-elementor-open-lightbox=\"yes\" data-elementor-lightbox-slideshow=\"all-c364d08\">\n\t\t\t\t\t<div class=\"e-gallery-image elementor-gallery-item__image\" data-thumbnail=\"https:\/\/dev.dtv-wettingen.ch\/wp-content\/uploads\/2021\/02\/20191210_184427-768x1022.jpg\" data-width=\"768\" data-height=\"1022\" alt=\"\" ><\/div>\n\t\t\t\t\t\t\t\t\t\t<div class=\"elementor-gallery-item__overlay\"><\/div>\n\t\t\t\t\t\t\t\t\t\t\t\t\t\t<\/a>\n\t\t\t\t\t<\/div>\n\t\t\t<\/div>\n\t\t\t\t<\/div>\n\t\t\t\t\t<\/div>\n\t\t<\/div>\n\t\t\t\t\t\t\t<\/div>\n\t\t<\/section>\n\t\t\t\t<section class=\"elementor-section elementor-top-section elementor-element elementor-element-34447ad elementor-section-boxed elementor-section-height-default elementor-section-height-default\" data-id=\"34447ad\" data-element_type=\"section\" data-settings=\"{&quot;background_background&quot;:&quot;classic&quot;}\">\n\t\t\t\t\t\t<div class=\"elementor-container elementor-column-gap-default\">\n\t\t\t\t\t<div class=\"elementor-column elementor-col-100 elementor-top-column elementor-element elementor-element-7646c7c\" data-id=\"7646c7c\" data-element_type=\"column\">\n\t\t\t<div class=\"elementor-widget-wrap elementor-element-populated\">\n\t\t\t\t\t\t\t\t<div class=\"elementor-element elementor-element-33dbe3f elementor-widget elementor-widget-spacer\" data-id=\"33dbe3f\" data-element_type=\"widget\" data-widget_type=\"spacer.default\">\n\t\t\t\t<div class=\"elementor-widget-container\">\n\t\t\t\t\t<div class=\"elementor-spacer\">\n\t\t\t<div class=\"elementor-spacer-inner\"><\/div>\n\t\t<\/div>\n\t\t\t\t<\/div>\n\t\t\t\t<\/div>\n\t\t\t\t<div class=\"elementor-element elementor-element-50da710 elementor-widget elementor-widget-spacer\" data-id=\"50da710\" data-element_type=\"widget\" data-widget_type=\"spacer.default\">\n\t\t\t\t<div class=\"elementor-widget-container\">\n\t\t\t\t\t<div class=\"elementor-spacer\">\n\t\t\t<div class=\"elementor-spacer-inner\"><\/div>\n\t\t<\/div>\n\t\t\t\t<\/div>\n\t\t\t\t<\/div>\n\t\t\t\t\t<\/div>\n\t\t<\/div>\n\t\t\t\t\t\t\t<\/div>\n\t\t<\/section>\n\t\t\t\t\t\t<\/div>\n\t\t\t\t\t<\/div>\n\t\t","protected":false},"excerpt":{"rendered":"<p>M\u00e4dchenriege F\u00fcr alle M\u00e4dchen von der 1. bis 4. Klasse, die sich gerne bewegen und verschiedene Sportarten ausprobieren m\u00f6chten. Unser Ziel ist es, den M\u00e4dchen Freude am Turnen weiterzugeben. Wir \u00fcben die Koordination einer Gymnastik, turnen an den Ger\u00e4ten, trainieren Leichtathletik und machen verschiedene Spiele. K\u00f6rperschulung, Kameradschaft, sich an einem Turnfest in verschiedenen Disziplinen messen &hellip;<\/p>\n<p class=\"read-more\"> <a class=\"\" href=\"https:\/\/dev.dtv-wettingen.ch\/index.php\/maedchenriege\/\"> <span class=\"screen-reader-text\">M\u00e4dchenriege<\/span> Weiterlesen &raquo;<\/a><\/p>\n","protected":false},"author":4,"featured_media":0,"parent":0,"menu_order":0,"comment_status":"closed","ping_status":"closed","template":"","meta":[],"_links":{"self":[{"href":"https:\/\/dev.dtv-wettingen.ch\/index.php\/wp-json\/wp\/v2\/pages\/102"}],"collection":[{"href":"https:\/\/dev.dtv-wettingen.ch\/index.php\/wp-json\/wp\/v2\/pages"}],"about":[{"href":"https:\/\/dev.dtv-wettingen.ch\/index.php\/wp-json\/wp\/v2\/types\/page"}],"author":[{"embeddable":true,"href":"https:\/\/dev.dtv-wettingen.ch\/index.php\/wp-json\/wp\/v2\/users\/4"}],"replies":[{"embeddable":true,"href":"https:\/\/dev.dtv-wettingen.ch\/index.php\/wp-json\/wp\/v2\/comments?post=102"}],"version-history":[{"count":58,"href":"https:\/\/dev.dtv-wettingen.ch\/index.php\/wp-json\/wp\/v2\/pages\/102\/revisions"}],"predecessor-version":[{"id":8043,"href":"https:\/\/dev.dtv-wettingen.ch\/index.php\/wp-json\/wp\/v2\/pages\/102\/revisions\/8043"}],"wp:attachment":[{"href":"https:\/\/dev.dtv-wettingen.ch\/index.php\/wp-json\/wp\/v2\/media?parent=102"}],"curies":[{"name":"wp","href":"https:\/\/api.w.org\/{rel}","templated":true}]}}