{"id":333,"date":"2021-02-06T09:35:41","date_gmt":"2021-02-06T09:35:41","guid":{"rendered":"https:\/\/dev.dtv-wettingen.ch\/?page_id=333"},"modified":"2021-02-17T15:11:17","modified_gmt":"2021-02-17T14:11:17","slug":"mms-2","status":"publish","type":"page","link":"https:\/\/dev.dtv-wettingen.ch\/index.php\/mms-2\/","title":{"rendered":"MMS"},"content":{"rendered":"\t\t<div data-elementor-type=\"wp-page\" data-elementor-id=\"333\" class=\"elementor elementor-333\" data-elementor-settings=\"[]\">\n\t\t\t\t\t\t\t<div class=\"elementor-section-wrap\">\n\t\t\t\t\t\t\t<section class=\"elementor-section elementor-top-section elementor-element elementor-element-e2beeb8 elementor-section-boxed elementor-section-height-default elementor-section-height-default\" data-id=\"e2beeb8\" data-element_type=\"section\">\n\t\t\t\t\t\t<div class=\"elementor-container elementor-column-gap-default\">\n\t\t\t\t\t<div class=\"elementor-column elementor-col-100 elementor-top-column elementor-element elementor-element-69dd002\" data-id=\"69dd002\" data-element_type=\"column\">\n\t\t\t<div class=\"elementor-widget-wrap elementor-element-populated\">\n\t\t\t\t\t\t\t\t<div class=\"elementor-element elementor-element-f67b12f elementor-widget elementor-widget-heading\" data-id=\"f67b12f\" data-element_type=\"widget\" data-widget_type=\"heading.default\">\n\t\t\t\t<div class=\"elementor-widget-container\">\n\t\t\t<h2 class=\"elementor-heading-title elementor-size-default\">Multi Mega Show<\/h2>\t\t<\/div>\n\t\t\t\t<\/div>\n\t\t\t\t\t<\/div>\n\t\t<\/div>\n\t\t\t\t\t\t\t<\/div>\n\t\t<\/section>\n\t\t\t\t<section class=\"elementor-section elementor-top-section elementor-element elementor-element-05b1d08 elementor-section-boxed elementor-section-height-default elementor-section-height-default\" data-id=\"05b1d08\" data-element_type=\"section\">\n\t\t\t\t\t\t<div class=\"elementor-container elementor-column-gap-default\">\n\t\t\t\t\t<div class=\"elementor-column elementor-col-100 elementor-top-column elementor-element elementor-element-a3617c4\" data-id=\"a3617c4\" data-element_type=\"column\">\n\t\t\t<div class=\"elementor-widget-wrap elementor-element-populated\">\n\t\t\t\t\t\t\t\t<div class=\"elementor-element elementor-element-0f58596 elementor-arrows-position-inside elementor-widget elementor-widget-image-carousel\" data-id=\"0f58596\" data-element_type=\"widget\" data-settings=\"{&quot;navigation&quot;:&quot;arrows&quot;,&quot;autoplay&quot;:&quot;yes&quot;,&quot;pause_on_hover&quot;:&quot;yes&quot;,&quot;pause_on_interaction&quot;:&quot;yes&quot;,&quot;autoplay_speed&quot;:5000,&quot;infinite&quot;:&quot;yes&quot;,&quot;speed&quot;:500}\" data-widget_type=\"image-carousel.default\">\n\t\t\t\t<div class=\"elementor-widget-container\">\n\t\t\t\t\t<div class=\"elementor-image-carousel-wrapper swiper-container\" dir=\"ltr\">\n\t\t\t<div class=\"elementor-image-carousel swiper-wrapper\">\n\t\t\t\t\t\t\t\t<div class=\"swiper-slide\"><figure class=\"swiper-slide-inner\"><img class=\"swiper-slide-image\" src=\"https:\/\/dev.dtv-wettingen.ch\/wp-content\/uploads\/2021\/02\/MG_1015-huifoto-768x512.jpg\" alt=\"_MG_1015-huifoto\" \/><\/figure><\/div><div class=\"swiper-slide\"><figure class=\"swiper-slide-inner\"><img class=\"swiper-slide-image\" src=\"https:\/\/dev.dtv-wettingen.ch\/wp-content\/uploads\/2021\/02\/MG_1048-huifoto-768x512.jpg\" alt=\"_MG_1048-huifoto\" \/><\/figure><\/div><div class=\"swiper-slide\"><figure class=\"swiper-slide-inner\"><img class=\"swiper-slide-image\" src=\"https:\/\/dev.dtv-wettingen.ch\/wp-content\/uploads\/2021\/02\/MG_1035-huifoto-768x512.jpg\" alt=\"_MG_1035-huifoto\" \/><\/figure><\/div><div class=\"swiper-slide\"><figure class=\"swiper-slide-inner\"><img class=\"swiper-slide-image\" src=\"https:\/\/dev.dtv-wettingen.ch\/wp-content\/uploads\/2021\/02\/MG_1141-huifoto-768x512.jpg\" alt=\"_MG_1141-huifoto\" \/><\/figure><\/div><div class=\"swiper-slide\"><figure class=\"swiper-slide-inner\"><img class=\"swiper-slide-image\" src=\"https:\/\/dev.dtv-wettingen.ch\/wp-content\/uploads\/2021\/02\/MG_1191-huifoto-768x512.jpg\" alt=\"_MG_1191-huifoto\" \/><\/figure><\/div><div class=\"swiper-slide\"><figure class=\"swiper-slide-inner\"><img class=\"swiper-slide-image\" src=\"https:\/\/dev.dtv-wettingen.ch\/wp-content\/uploads\/2021\/02\/MG_1231-huifoto-768x512.jpg\" alt=\"_MG_1231-huifoto\" \/><\/figure><\/div><div class=\"swiper-slide\"><figure class=\"swiper-slide-inner\"><img class=\"swiper-slide-image\" src=\"https:\/\/dev.dtv-wettingen.ch\/wp-content\/uploads\/2021\/02\/MG_1365-huifoto-768x512.jpg\" alt=\"_MG_1365-huifoto\" \/><\/figure><\/div><div class=\"swiper-slide\"><figure class=\"swiper-slide-inner\"><img class=\"swiper-slide-image\" src=\"https:\/\/dev.dtv-wettingen.ch\/wp-content\/uploads\/2021\/02\/MG_1415-huifoto-768x512.jpg\" alt=\"_MG_1415-huifoto\" \/><\/figure><\/div><div class=\"swiper-slide\"><figure class=\"swiper-slide-inner\"><img class=\"swiper-slide-image\" src=\"https:\/\/dev.dtv-wettingen.ch\/wp-content\/uploads\/2021\/02\/19_MMS_Show-3693-768x480.jpg\" alt=\"19_MMS_Show-3693\" \/><\/figure><\/div><div class=\"swiper-slide\"><figure class=\"swiper-slide-inner\"><img class=\"swiper-slide-image\" src=\"https:\/\/dev.dtv-wettingen.ch\/wp-content\/uploads\/2021\/02\/MG_1453-huifoto-768x512.jpg\" alt=\"_MG_1453-huifoto\" \/><\/figure><\/div><div class=\"swiper-slide\"><figure class=\"swiper-slide-inner\"><img class=\"swiper-slide-image\" src=\"https:\/\/dev.dtv-wettingen.ch\/wp-content\/uploads\/2021\/02\/MG_1463-huifoto-768x512.jpg\" alt=\"_MG_1463-huifoto\" \/><\/figure><\/div><div class=\"swiper-slide\"><figure class=\"swiper-slide-inner\"><img class=\"swiper-slide-image\" src=\"https:\/\/dev.dtv-wettingen.ch\/wp-content\/uploads\/2021\/02\/MG_1506-huifoto-768x512.jpg\" alt=\"_MG_1506-huifoto\" \/><\/figure><\/div>\t\t\t<\/div>\n\t\t\t\t\t\t\t\t\t\t\t\t\t\t\t\t<div class=\"elementor-swiper-button elementor-swiper-button-prev\">\n\t\t\t\t\t\t<i class=\"eicon-chevron-left\" aria-hidden=\"true\"><\/i>\n\t\t\t\t\t\t<span class=\"elementor-screen-only\">Zur\u00fcck<\/span>\n\t\t\t\t\t<\/div>\n\t\t\t\t\t<div class=\"elementor-swiper-button elementor-swiper-button-next\">\n\t\t\t\t\t\t<i class=\"eicon-chevron-right\" aria-hidden=\"true\"><\/i>\n\t\t\t\t\t\t<span class=\"elementor-screen-only\">Weiter<\/span>\n\t\t\t\t\t<\/div>\n\t\t\t\t\t\t\t\t\t<\/div>\n\t\t\t\t<\/div>\n\t\t\t\t<\/div>\n\t\t\t\t\t<\/div>\n\t\t<\/div>\n\t\t\t\t\t\t\t<\/div>\n\t\t<\/section>\n\t\t\t\t<section class=\"elementor-section elementor-top-section elementor-element elementor-element-a3a4e74 elementor-section-boxed elementor-section-height-default elementor-section-height-default\" data-id=\"a3a4e74\" data-element_type=\"section\">\n\t\t\t\t\t\t<div class=\"elementor-container elementor-column-gap-default\">\n\t\t\t\t\t<div class=\"elementor-column elementor-col-100 elementor-top-column elementor-element elementor-element-a531388\" data-id=\"a531388\" data-element_type=\"column\">\n\t\t\t<div class=\"elementor-widget-wrap elementor-element-populated\">\n\t\t\t\t\t\t\t\t<div class=\"elementor-element elementor-element-e3b9dfe elementor-widget elementor-widget-heading\" data-id=\"e3b9dfe\" data-element_type=\"widget\" data-widget_type=\"heading.default\">\n\t\t\t\t<div class=\"elementor-widget-container\">\n\t\t\t<h2 class=\"elementor-heading-title elementor-size-default\">Die n\u00e4chste Show findet am 22.01.2022 und 23.01.2022 statt.<\/h2>\t\t<\/div>\n\t\t\t\t<\/div>\n\t\t\t\t<div class=\"elementor-element elementor-element-919fc32 elementor-countdown--label-block elementor-widget elementor-widget-countdown\" data-id=\"919fc32\" data-element_type=\"widget\" data-widget_type=\"countdown.default\">\n\t\t\t\t<div class=\"elementor-widget-container\">\n\t\t\t\t\t<div data-expire-actions=\"[{&quot;type&quot;:&quot;hide&quot;}]\" class=\"elementor-countdown-wrapper\" data-date=\"1642870800\">\n\t\t\t<div class=\"elementor-countdown-item\"><span class=\"elementor-countdown-digits elementor-countdown-days\"><\/span> <span class=\"elementor-countdown-label\">Tage<\/span><\/div><div class=\"elementor-countdown-item\"><span class=\"elementor-countdown-digits elementor-countdown-hours\"><\/span> <span class=\"elementor-countdown-label\">Stunden<\/span><\/div><div class=\"elementor-countdown-item\"><span class=\"elementor-countdown-digits elementor-countdown-minutes\"><\/span> <span class=\"elementor-countdown-label\">Minuten<\/span><\/div><div class=\"elementor-countdown-item\"><span class=\"elementor-countdown-digits elementor-countdown-seconds\"><\/span> <span class=\"elementor-countdown-label\">Sekunden<\/span><\/div>\t\t<\/div>\n\t\t\t\t<\/div>\n\t\t\t\t<\/div>\n\t\t\t\t\t<\/div>\n\t\t<\/div>\n\t\t\t\t\t\t\t<\/div>\n\t\t<\/section>\n\t\t\t\t<section class=\"elementor-section elementor-top-section elementor-element elementor-element-3407352 elementor-section-boxed elementor-section-height-default elementor-section-height-default\" data-id=\"3407352\" data-element_type=\"section\">\n\t\t\t\t\t\t<div class=\"elementor-container elementor-column-gap-default\">\n\t\t\t\t\t<div class=\"elementor-column elementor-col-100 elementor-top-column elementor-element elementor-element-8b06083\" data-id=\"8b06083\" data-element_type=\"column\">\n\t\t\t<div class=\"elementor-widget-wrap elementor-element-populated\">\n\t\t\t\t\t\t\t\t<div class=\"elementor-element elementor-element-d526865 elementor-widget elementor-widget-text-editor\" data-id=\"d526865\" data-element_type=\"widget\" data-widget_type=\"text-editor.default\">\n\t\t\t\t<div class=\"elementor-widget-container\">\n\t\t\t\t\t\t\t<p>Die Multi Mega Show ist die Turnshow des gesamten Damenturnvereins Wettingen. Alle zwei Jahre d\u00fcrfen wir jeweils an einem Januarwochenende bis zu 1000 ZuschauerInnen begr\u00fcssen und sie mit unserem turnerischen K\u00f6nnen begeistern. Von Muki\/Vaki \u00fcber Kinderturnen, Gymnastik, Ger\u00e4teturnen, Damenriege bis zu unseren gesch\u00e4tzten Gastriegen vom STV Wettingen wirken jeweils um die 300 TurnerInnen an der Show mit. Nach mehreren Wochen der Vorbereitung freuen wir uns jedes Mal darauf, mit der gesamten Turnfamilie unsere treuen Fans auf eine spannende Reise mitzunehmen und den Abend anschliessend gemeinsam ausklingen zu lassen!<\/p>\t\t\t\t\t\t<\/div>\n\t\t\t\t<\/div>\n\t\t\t\t\t<\/div>\n\t\t<\/div>\n\t\t\t\t\t\t\t<\/div>\n\t\t<\/section>\n\t\t\t\t<section class=\"elementor-section elementor-top-section elementor-element elementor-element-380eb03 elementor-section-boxed elementor-section-height-default elementor-section-height-default\" data-id=\"380eb03\" data-element_type=\"section\">\n\t\t\t\t\t\t<div class=\"elementor-container elementor-column-gap-default\">\n\t\t\t\t\t\t\t\t<\/div>\n\t\t<\/section>\n\t\t\t\t<section class=\"elementor-section elementor-top-section elementor-element elementor-element-9087abf elementor-section-boxed elementor-section-height-default elementor-section-height-default\" data-id=\"9087abf\" data-element_type=\"section\">\n\t\t\t\t\t\t<div class=\"elementor-container elementor-column-gap-default\">\n\t\t\t\t\t<div class=\"elementor-column elementor-col-100 elementor-top-column elementor-element elementor-element-e8f7666\" data-id=\"e8f7666\" data-element_type=\"column\">\n\t\t\t<div class=\"elementor-widget-wrap elementor-element-populated\">\n\t\t\t\t\t\t\t\t<div class=\"elementor-element elementor-element-87ab72d elementor-widget elementor-widget-spacer\" data-id=\"87ab72d\" data-element_type=\"widget\" data-widget_type=\"spacer.default\">\n\t\t\t\t<div class=\"elementor-widget-container\">\n\t\t\t\t\t<div class=\"elementor-spacer\">\n\t\t\t<div class=\"elementor-spacer-inner\"><\/div>\n\t\t<\/div>\n\t\t\t\t<\/div>\n\t\t\t\t<\/div>\n\t\t\t\t<div class=\"elementor-element elementor-element-ee5cdd2 elementor-widget elementor-widget-google_maps\" data-id=\"ee5cdd2\" data-element_type=\"widget\" data-widget_type=\"google_maps.default\">\n\t\t\t\t<div class=\"elementor-widget-container\">\n\t\t\t\t\t<div class=\"elementor-custom-embed\">\n\t\t\t<iframe frameborder=\"0\" scrolling=\"no\" marginheight=\"0\" marginwidth=\"0\"\n\t\t\t\t\tsrc=\"https:\/\/maps.google.com\/maps?q=T%C3%A4gi%20Sporthalle%2C%20Wettingen&#038;t=m&#038;z=14&#038;output=embed&#038;iwloc=near\"\n\t\t\t\t\ttitle=\"T\u00e4gi Sporthalle, Wettingen\"\n\t\t\t\t\taria-label=\"T\u00e4gi Sporthalle, Wettingen\"\n\t\t\t><\/iframe>\n\t\t<\/div>\n\t\t\t\t<\/div>\n\t\t\t\t<\/div>\n\t\t\t\t\t<\/div>\n\t\t<\/div>\n\t\t\t\t\t\t\t<\/div>\n\t\t<\/section>\n\t\t\t\t\t\t<\/div>\n\t\t\t\t\t<\/div>\n\t\t","protected":false},"excerpt":{"rendered":"<p>Multi Mega Show Zur\u00fcck Weiter Die n\u00e4chste Show findet am 22.01.2022 und 23.01.2022 statt. Tage Stunden Minuten Sekunden Die Multi Mega Show ist die Turnshow des gesamten Damenturnvereins Wettingen. Alle zwei Jahre d\u00fcrfen wir jeweils an einem Januarwochenende bis zu 1000 ZuschauerInnen begr\u00fcssen und sie mit unserem turnerischen K\u00f6nnen begeistern. Von Muki\/Vaki \u00fcber Kinderturnen, Gymnastik, &hellip;<\/p>\n<p class=\"read-more\"> <a class=\"\" href=\"https:\/\/dev.dtv-wettingen.ch\/index.php\/mms-2\/\"> <span class=\"screen-reader-text\">MMS<\/span> Weiterlesen &raquo;<\/a><\/p>\n","protected":false},"author":4,"featured_media":0,"parent":0,"menu_order":0,"comment_status":"closed","ping_status":"closed","template":"elementor_header_footer","meta":[],"_links":{"self":[{"href":"https:\/\/dev.dtv-wettingen.ch\/index.php\/wp-json\/wp\/v2\/pages\/333"}],"collection":[{"href":"https:\/\/dev.dtv-wettingen.ch\/index.php\/wp-json\/wp\/v2\/pages"}],"about":[{"href":"https:\/\/dev.dtv-wettingen.ch\/index.php\/wp-json\/wp\/v2\/types\/page"}],"author":[{"embeddable":true,"href":"https:\/\/dev.dtv-wettingen.ch\/index.php\/wp-json\/wp\/v2\/users\/4"}],"replies":[{"embeddable":true,"href":"https:\/\/dev.dtv-wettingen.ch\/index.php\/wp-json\/wp\/v2\/comments?post=333"}],"version-history":[{"count":29,"href":"https:\/\/dev.dtv-wettingen.ch\/index.php\/wp-json\/wp\/v2\/pages\/333\/revisions"}],"predecessor-version":[{"id":7577,"href":"https:\/\/dev.dtv-wettingen.ch\/index.php\/wp-json\/wp\/v2\/pages\/333\/revisions\/7577"}],"wp:attachment":[{"href":"https:\/\/dev.dtv-wettingen.ch\/index.php\/wp-json\/wp\/v2\/media?parent=333"}],"curies":[{"name":"wp","href":"https:\/\/api.w.org\/{rel}","templated":true}]}}