{"id":6896,"date":"2021-02-08T21:09:43","date_gmt":"2021-02-08T20:09:43","guid":{"rendered":"https:\/\/dev.dtv-wettingen.ch\/?page_id=6896"},"modified":"2021-03-16T09:07:05","modified_gmt":"2021-03-16T08:07:05","slug":"covid-19","status":"publish","type":"page","link":"https:\/\/dev.dtv-wettingen.ch\/index.php\/covid-19\/","title":{"rendered":"Covid-19"},"content":{"rendered":"\t\t<div data-elementor-type=\"wp-page\" data-elementor-id=\"6896\" class=\"elementor elementor-6896\" data-elementor-settings=\"[]\">\n\t\t\t\t\t\t\t<div class=\"elementor-section-wrap\">\n\t\t\t\t\t\t\t<section class=\"elementor-section elementor-top-section elementor-element elementor-element-28366cb elementor-section-boxed elementor-section-height-default elementor-section-height-default\" data-id=\"28366cb\" data-element_type=\"section\">\n\t\t\t\t\t\t<div class=\"elementor-container elementor-column-gap-default\">\n\t\t\t\t\t<div class=\"elementor-column elementor-col-100 elementor-top-column elementor-element elementor-element-fbee6eb\" data-id=\"fbee6eb\" data-element_type=\"column\">\n\t\t\t<div class=\"elementor-widget-wrap elementor-element-populated\">\n\t\t\t\t\t\t\t\t<div class=\"elementor-element elementor-element-8fd205b elementor-widget elementor-widget-heading\" data-id=\"8fd205b\" data-element_type=\"widget\" data-widget_type=\"heading.default\">\n\t\t\t\t<div class=\"elementor-widget-container\">\n\t\t\t<h2 class=\"elementor-heading-title elementor-size-default\">Infos Covid-19<\/h2>\t\t<\/div>\n\t\t\t\t<\/div>\n\t\t\t\t<div class=\"elementor-element elementor-element-725f802 elementor-widget elementor-widget-spacer\" data-id=\"725f802\" data-element_type=\"widget\" data-widget_type=\"spacer.default\">\n\t\t\t\t<div class=\"elementor-widget-container\">\n\t\t\t\t\t<div class=\"elementor-spacer\">\n\t\t\t<div class=\"elementor-spacer-inner\"><\/div>\n\t\t<\/div>\n\t\t\t\t<\/div>\n\t\t\t\t<\/div>\n\t\t\t\t\t<\/div>\n\t\t<\/div>\n\t\t\t\t\t\t\t<\/div>\n\t\t<\/section>\n\t\t\t\t<section class=\"elementor-section elementor-top-section elementor-element elementor-element-c7e1298 elementor-section-boxed elementor-section-height-default elementor-section-height-default\" data-id=\"c7e1298\" data-element_type=\"section\" data-settings=\"{&quot;background_background&quot;:&quot;classic&quot;}\">\n\t\t\t\t\t\t<div class=\"elementor-container elementor-column-gap-default\">\n\t\t\t\t\t<div class=\"elementor-column elementor-col-33 elementor-top-column elementor-element elementor-element-6f7d514\" data-id=\"6f7d514\" data-element_type=\"column\">\n\t\t\t<div class=\"elementor-widget-wrap\">\n\t\t\t\t\t\t\t\t\t<\/div>\n\t\t<\/div>\n\t\t\t\t<div class=\"elementor-column elementor-col-33 elementor-top-column elementor-element elementor-element-d0db88f\" data-id=\"d0db88f\" data-element_type=\"column\" data-settings=\"{&quot;background_background&quot;:&quot;classic&quot;}\">\n\t\t\t<div class=\"elementor-widget-wrap elementor-element-populated\">\n\t\t\t\t\t\t\t\t<div class=\"elementor-element elementor-element-b88dda5 elementor-tabs-view-horizontal elementor-widget elementor-widget-tabs\" data-id=\"b88dda5\" data-element_type=\"widget\" data-widget_type=\"tabs.default\">\n\t\t\t\t<div class=\"elementor-widget-container\">\n\t\t\t\t\t<div class=\"elementor-tabs\">\n\t\t\t<div class=\"elementor-tabs-wrapper\" role=\"tablist\" >\n\t\t\t\t\t\t\t\t\t<div id=\"elementor-tab-title-1931\" class=\"elementor-tab-title elementor-tab-desktop-title\" aria-selected=\"true\" data-tab=\"1\" role=\"tab\" tabindex=\"0\" aria-controls=\"elementor-tab-content-1931\" aria-expanded=\"false\">Allgemein<\/div>\n\t\t\t\t\t\t\t\t\t<div id=\"elementor-tab-title-1932\" class=\"elementor-tab-title elementor-tab-desktop-title\" aria-selected=\"false\" data-tab=\"2\" role=\"tab\" tabindex=\"-1\" aria-controls=\"elementor-tab-content-1932\" aria-expanded=\"false\">Frauenriege<\/div>\n\t\t\t\t\t\t\t\t\t<div id=\"elementor-tab-title-1933\" class=\"elementor-tab-title elementor-tab-desktop-title\" aria-selected=\"false\" data-tab=\"3\" role=\"tab\" tabindex=\"-1\" aria-controls=\"elementor-tab-content-1933\" aria-expanded=\"false\">GETU<\/div>\n\t\t\t\t\t\t\t\t\t<div id=\"elementor-tab-title-1934\" class=\"elementor-tab-title elementor-tab-desktop-title\" aria-selected=\"false\" data-tab=\"4\" role=\"tab\" tabindex=\"-1\" aria-controls=\"elementor-tab-content-1934\" aria-expanded=\"false\">Gymnastik<\/div>\n\t\t\t\t\t\t\t\t\t<div id=\"elementor-tab-title-1935\" class=\"elementor-tab-title elementor-tab-desktop-title\" aria-selected=\"false\" data-tab=\"5\" role=\"tab\" tabindex=\"-1\" aria-controls=\"elementor-tab-content-1935\" aria-expanded=\"false\">Kinderturnen<\/div>\n\t\t\t\t\t\t\t\t\t<div id=\"elementor-tab-title-1936\" class=\"elementor-tab-title elementor-tab-desktop-title\" aria-selected=\"false\" data-tab=\"6\" role=\"tab\" tabindex=\"-1\" aria-controls=\"elementor-tab-content-1936\" aria-expanded=\"false\">M\u00e4dchenriege<\/div>\n\t\t\t\t\t\t\t\t\t<div id=\"elementor-tab-title-1937\" class=\"elementor-tab-title elementor-tab-desktop-title\" aria-selected=\"false\" data-tab=\"7\" role=\"tab\" tabindex=\"-1\" aria-controls=\"elementor-tab-content-1937\" aria-expanded=\"false\">Korbball<\/div>\n\t\t\t\t\t\t\t<\/div>\n\t\t\t<div class=\"elementor-tabs-content-wrapper\" role=\"tablist\" aria-orientation=\"vertical\">\n\t\t\t\t\t\t\t\t\t<div class=\"elementor-tab-title elementor-tab-mobile-title\" aria-selected=\"true\" data-tab=\"1\" role=\"tab\" tabindex=\"0\" aria-controls=\"elementor-tab-content-1931\" aria-expanded=\"false\">Allgemein<\/div>\n\t\t\t\t\t<div id=\"elementor-tab-content-1931\" class=\"elementor-tab-content elementor-clearfix\" data-tab=\"1\" role=\"tabpanel\" aria-labelledby=\"elementor-tab-title-1931\" tabindex=\"0\" hidden=\"false\"><p>Aufgrund der Ausbreitung des\u00a0<strong>Coronavirus<\/strong>, den entsprechenden Massnahmen vom Bund und zum Schutz aller Turnerinnen sowie deren Angeh\u00f6rigen, hat\u00a0<strong>der Vorstand des Damenturnvereins entschieden, den Trainingsbetrieb f\u00fcr alle Riegen einzustellen <\/strong>(Ausnahme: GETU Jugend, Gymnastik Testgruppe, Kinderturnen, M\u00e4dchenriege, Korbball Jugend). Diese Regelung gilt bis auf Weiteres. Seitens des Vorstandes verfolgen wir die ausserordentliche Entwicklung aufmerksam. Wir orientieren uns an den Vorgaben und Empfehlungen vom Bund sowie vom STV und ATV.\u00a0<\/p><p>Besten Dank f\u00fcr euer Verst\u00e4ndnis und bleibt gesund.\u00a0<\/p><p>Vorstand<br \/>DTV Wettingen STV<\/p><p><a href=\"https:\/\/www.stv-fsg.ch\/fileadmin\/user_upload\/stvfsgch\/Ueber_den_STV\/Information_Corona-Virus\/Schutzkonzepte\/Covid-19_Schutzkonzept_Turnen_Turnsport_08.01.2021_d.pdf\" target=\"_blank\" rel=\"noopener\">STV Schutzkonzept Turnsport\u00a0<\/a><\/p><p><a href=\"https:\/\/dev.dtv-wettingen.ch\/wp-content\/uploads\/2021\/02\/Regeln_Empfehlungen.png\" target=\"_blank\" rel=\"noopener\">Bund Massnahmen<\/a><\/p><\/div>\n\t\t\t\t\t\t\t\t\t<div class=\"elementor-tab-title elementor-tab-mobile-title\" aria-selected=\"false\" data-tab=\"2\" role=\"tab\" tabindex=\"-1\" aria-controls=\"elementor-tab-content-1932\" aria-expanded=\"false\">Frauenriege<\/div>\n\t\t\t\t\t<div id=\"elementor-tab-content-1932\" class=\"elementor-tab-content elementor-clearfix\" data-tab=\"2\" role=\"tabpanel\" aria-labelledby=\"elementor-tab-title-1932\" tabindex=\"0\" hidden=\"hidden\"><p>Leider f\u00e4llt die Turnfahrt aus! Daf\u00fcr gab\u2018s am 20. August 2020 als Ersatz einen Tagesausflug zum Glattalpsee.<\/p><\/div>\n\t\t\t\t\t\t\t\t\t<div class=\"elementor-tab-title elementor-tab-mobile-title\" aria-selected=\"false\" data-tab=\"3\" role=\"tab\" tabindex=\"-1\" aria-controls=\"elementor-tab-content-1933\" aria-expanded=\"false\">GETU<\/div>\n\t\t\t\t\t<div id=\"elementor-tab-content-1933\" class=\"elementor-tab-content elementor-clearfix\" data-tab=\"3\" role=\"tabpanel\" aria-labelledby=\"elementor-tab-title-1933\" tabindex=\"0\" hidden=\"hidden\"><p>\u2013 Stand 19. Oktober 2020<\/p><p>Liebe TurnerInnen, Liebe LeiterInnen, Liebe Eltern\u00a0<\/p><p>Das Coronavirus hat unseren Alltag fest im Griff. Der Bundesrat hat dieses Wochenende neue Schutzmassnahmen angeordnet. So gilt schweizweit eine einheitliche Maskenpflicht an diversen Orten, wie auch beim Betreten von Sportanlagen. Was bedeutet diese Massnahme nun f\u00fcr die Sportvereine und ihre Trainingseinheiten? Trainings und Spiele sind keine spontanen Versammlungen. Es gibt Schutzkonzepte. Die Trainings k\u00f6nnen weiterhin, gem\u00e4ss Schutzkonzepte, stattfinden. Auch bei uns im Ger\u00e4teturnen sind Schutzmassnahmen ein wichtiges Thema. Wir sind viele Personen in der Halle und w\u00fcrden ohne Massnahmen ein grosses Ansteckungsrisiko eingehen. Aufgrund steigender Fallzahlen, sowie einer hohen Positivit\u00e4tsrate bei den Tests, f\u00fchlen wir uns in der Verantwortung weitere Massnahmen f\u00fcr unseren Trainingsbetrieb zu erlassen. Auf folgende wichtige Punkte m\u00f6chten wir euch aufmerksam machen und euch bitten diese umzusetzen:<\/p><ul><li><strong>H\u00e4ndewaschen vor und nach dem Training!<\/strong><\/li><li>Wir bitten die Eltern ausserhalb der Halle zu warten. Wird die Halle in dringlichen F\u00e4llen betreten, hat eine Maske getragen zu werden.<\/li><li>Die notwendigen Trainingsutensilien (Trainingstasche, Turnh\u00e4ndschli, Trinkflasche etc.) werden von Ger\u00e4t zu Ger\u00e4t mitgetragen. Beim Betreten der Halle wird die Tasche beim Startger\u00e4t deponiert.<\/li><li><strong>Leiter<\/strong>\u00a0tragen w\u00e4hrend dem gesamten Training eine\u00a0<strong>Maske<\/strong>, sobald sie die Halle betreten.<\/li><li>Alle TurnerInnen der\u00a0<strong>Aktivriege<\/strong>\u00a0tragen beim Betreten der Halle, beim Auf- und Abbau,\u00a0<strong>beim Einturnen<\/strong>, sowie beim Ger\u00e4tewechsel eine\u00a0<strong>Maske<\/strong>. Die Maske wird nur am Ger\u00e4t selbst abgezogen.<\/li><li>Alle \u00fcber 12 Jahre haben bis zur Garderobe eine Maske zu tragen.<\/li><li>Wir appellieren weiterhin an eure Selbstverantwortung und eure Bem\u00fchungen die Durchmischung in der Halle zu vermeiden.<\/li><\/ul><p>Durch die oben genannten Massnahmen erhoffen wir uns einen m\u00f6glichst uneingeschr\u00e4nkten Trainingsbetrieb und eine effiziente Unterbrechung m\u00f6glicher Infektionsketten. Folgen neue Regelungen seitens Bund, Kanton oder Gemeinde werden wir euch weiter informieren. Wir danken euch f\u00fcr euer Verst\u00e4ndnis und eure Anstrengungen, die genannten Massnahmen einzuhalten.\u00a0<\/p><p>Liebe Gr\u00fcsse\u00a0<\/p><p>Vreni Sigrist \u2013\u00a0<span style=\"font-style: inherit; font-weight: inherit; color: var( --e-global-color-text ); font-family: var( --e-global-typography-text-font-family ), Sans-serif;\">\u00a0Corona-Verantwortliche DTV Wettingen\u00a0<\/span><\/p><\/div>\n\t\t\t\t\t\t\t\t\t<div class=\"elementor-tab-title elementor-tab-mobile-title\" aria-selected=\"false\" data-tab=\"4\" role=\"tab\" tabindex=\"-1\" aria-controls=\"elementor-tab-content-1934\" aria-expanded=\"false\">Gymnastik<\/div>\n\t\t\t\t\t<div id=\"elementor-tab-content-1934\" class=\"elementor-tab-content elementor-clearfix\" data-tab=\"4\" role=\"tabpanel\" aria-labelledby=\"elementor-tab-title-1934\" tabindex=\"0\" hidden=\"hidden\"><p><strong>Testgruppe:<br \/><\/strong>Die Trainings der Testgruppe werden nach den Sportferien wie bis anhin unter Einhaltung der aktuellen Schutzkonzepte stattfinden. Dies bedeutet, dass alle Teilnehmerinnen ausschliesslich symptomfrei zum Training erscheinen und sowohl vor als auch nach dem Training die H\u00e4nde waschen. Zudem wird w\u00e4hrend des Trainings K\u00f6rperkontakt vermieden und wo m\u00f6glich der Mindestabstand eingehalten. Die Leiterinnen tragen ab dem Betreten des Geb\u00e4udes eine Maske.<\/p><p><strong>Jugend 1:<\/strong><br \/>Das Training der Gymnastikgruppe Jugend 1 wird in zwei Halbgruppen unter Einhaltung des aktuellen Schutzkonzeptes fortgef\u00fchrt. Die Gruppen werden per Mail kommuniziert. Es gilt weiterhin eine Maskenpflicht der Leiterinnen.<\/p><p><strong>Aktive 2:<br \/><\/strong> Wir freuen uns mit unseren Damen mit Jahrgang 2001 und j\u00fcnger ab dem 19. M\u00e4rz 2021 wieder regul\u00e4rer in der Halle trainieren zu k\u00f6nnen. Das Training erfolgt unter Einhaltung des aktuellen Schutzkonzepts. Es gilt eine Maskentragpflicht f\u00fcr die Leiterinnen.<\/p><p>Die Gymnastikgruppe <strong>Aktive 1<\/strong> hat das Training noch immer pausiert.<\/p><p><a href=\"https:\/\/dev.dtv-wettingen.ch\/wp-content\/uploads\/2021\/02\/DTV_Schutzkonzept-Gym-1.pdf\" target=\"_blank\" rel=\"noopener\">Gymnastik Schutzkonzept<\/a><\/p><\/div>\n\t\t\t\t\t\t\t\t\t<div class=\"elementor-tab-title elementor-tab-mobile-title\" aria-selected=\"false\" data-tab=\"5\" role=\"tab\" tabindex=\"-1\" aria-controls=\"elementor-tab-content-1935\" aria-expanded=\"false\">Kinderturnen<\/div>\n\t\t\t\t\t<div id=\"elementor-tab-content-1935\" class=\"elementor-tab-content elementor-clearfix\" data-tab=\"5\" role=\"tabpanel\" aria-labelledby=\"elementor-tab-title-1935\" tabindex=\"0\" hidden=\"hidden\"><p>Wir bieten das KITU weiterhin an. Wir entschieden von Woche zu Woche, ob das Training stattfindet (BAG).<\/p><p>Es k\u00f6nnen aber keine spontanen Schnuppertrainings besucht werden. Interessierte Eltern m\u00fcssen sich per Mail melden und erhalten daraufhin von ein Schreiben mit Informationen und Verhaltensregeln, welches sie durchlesen und unterzeichnet\u00a0 zur\u00fccksenden m\u00fcssen.\u00a0<\/p><\/div>\n\t\t\t\t\t\t\t\t\t<div class=\"elementor-tab-title elementor-tab-mobile-title\" aria-selected=\"false\" data-tab=\"6\" role=\"tab\" tabindex=\"-1\" aria-controls=\"elementor-tab-content-1936\" aria-expanded=\"false\">M\u00e4dchenriege<\/div>\n\t\t\t\t\t<div id=\"elementor-tab-content-1936\" class=\"elementor-tab-content elementor-clearfix\" data-tab=\"6\" role=\"tabpanel\" aria-labelledby=\"elementor-tab-title-1936\" tabindex=\"0\" hidden=\"hidden\"><p>Aktuell trainieren wir weiter, da f\u00fcr Sportaktivit\u00e4ten von Kindern und Jugendlichen bis zum 16. Lebensjahr keine neuen Einschr\u00e4nkungen gelten.<\/p><\/div>\n\t\t\t\t\t\t\t\t\t<div class=\"elementor-tab-title elementor-tab-mobile-title\" aria-selected=\"false\" data-tab=\"7\" role=\"tab\" tabindex=\"-1\" aria-controls=\"elementor-tab-content-1937\" aria-expanded=\"false\">Korbball<\/div>\n\t\t\t\t\t<div id=\"elementor-tab-content-1937\" class=\"elementor-tab-content elementor-clearfix\" data-tab=\"7\" role=\"tabpanel\" aria-labelledby=\"elementor-tab-title-1937\" tabindex=\"0\" hidden=\"hidden\"><p><strong>Aktive<\/strong>: <br \/>Da Kontaktsportarten aufgrund der aktuellen Situation verboten sind, k\u00f6nnen wir zurzeit nicht trainieren.<\/p><p><strong>Jugend: <br \/><\/strong>Wir starten den Trainingsbetrieb nach den Sportferien (26.02.2021) wieder.<\/p><ul><li class=\"p1\">Training ganz normal (Gruppe Jugend und Gruppe Mini unterteilt), aber nur bis 20:00 Uhr!<\/li><li class=\"p1\">Vom Eingang bis zur Halle Maskenpflicht ab 11 Jahren<\/li><li class=\"p1\">Keine Garderobe zur Verfu\u0308gung<\/li><li class=\"p1\">Vor und nach dem Training H\u00e4ndewaschen<\/li><li class=\"p1\">Fu\u0308r Leiterinnen ganze Zeit Maskenpflicht<\/li><\/ul><\/div>\n\t\t\t\t\t\t\t<\/div>\n\t\t<\/div>\n\t\t\t\t<\/div>\n\t\t\t\t<\/div>\n\t\t\t\t\t<\/div>\n\t\t<\/div>\n\t\t\t\t<div class=\"elementor-column elementor-col-33 elementor-top-column elementor-element elementor-element-8787b87\" data-id=\"8787b87\" data-element_type=\"column\">\n\t\t\t<div class=\"elementor-widget-wrap\">\n\t\t\t\t\t\t\t\t\t<\/div>\n\t\t<\/div>\n\t\t\t\t\t\t\t<\/div>\n\t\t<\/section>\n\t\t\t\t<section class=\"elementor-section elementor-top-section elementor-element elementor-element-12fae33 elementor-section-boxed elementor-section-height-default elementor-section-height-default\" data-id=\"12fae33\" data-element_type=\"section\" data-settings=\"{&quot;background_background&quot;:&quot;classic&quot;}\">\n\t\t\t\t\t\t<div class=\"elementor-container elementor-column-gap-default\">\n\t\t\t\t\t<div class=\"elementor-column elementor-col-100 elementor-top-column elementor-element elementor-element-321b940\" data-id=\"321b940\" data-element_type=\"column\">\n\t\t\t<div class=\"elementor-widget-wrap elementor-element-populated\">\n\t\t\t\t\t\t\t\t<div class=\"elementor-element elementor-element-887e249 elementor-widget elementor-widget-spacer\" data-id=\"887e249\" data-element_type=\"widget\" data-widget_type=\"spacer.default\">\n\t\t\t\t<div class=\"elementor-widget-container\">\n\t\t\t\t\t<div class=\"elementor-spacer\">\n\t\t\t<div class=\"elementor-spacer-inner\"><\/div>\n\t\t<\/div>\n\t\t\t\t<\/div>\n\t\t\t\t<\/div>\n\t\t\t\t<div class=\"elementor-element elementor-element-960f46c elementor-grid-3 elementor-grid-tablet-2 elementor-grid-mobile-1 elementor-posts--thumbnail-top elementor-card-shadow-yes elementor-posts__hover-gradient elementor-invisible elementor-widget elementor-widget-posts\" data-id=\"960f46c\" data-element_type=\"widget\" data-settings=\"{&quot;cards_row_gap&quot;:{&quot;unit&quot;:&quot;px&quot;,&quot;size&quot;:50,&quot;sizes&quot;:[]},&quot;_animation&quot;:&quot;fadeInUp&quot;,&quot;cards_columns&quot;:&quot;3&quot;,&quot;cards_columns_tablet&quot;:&quot;2&quot;,&quot;cards_columns_mobile&quot;:&quot;1&quot;}\" data-widget_type=\"posts.cards\">\n\t\t\t\t<div class=\"elementor-widget-container\">\n\t\t\t\t\t<div class=\"elementor-posts-container elementor-posts elementor-posts--skin-cards elementor-grid\">\n\t\t\t\t<article class=\"elementor-post elementor-grid-item post-1843 post type-post status-publish format-standard has-post-thumbnail hentry category-covid-19 category-kinderturnen\">\n\t\t\t<div class=\"elementor-post__card\">\n\t\t\t\t<div class=\"elementor-post__text\">\n\t\t\t\t<h3 class=\"elementor-post__title\">\n\t\t\t<a href=\"https:\/\/dev.dtv-wettingen.ch\/index.php\/2020\/11\/01\/unsere-trainingszeiten-im-muki-vaki\/\" >\n\t\t\t\tUnsere Trainingszeiten im Muki-Vaki\t\t\t<\/a>\n\t\t<\/h3>\n\t\t\t\t<div class=\"elementor-post__excerpt\">\n\t\t\t<p>Start nach den Herbstferien 2020 bis zu den Fr\u00fchlingsferien 2021 Montagmorgen von 9.00h\u201310.00h in der Dreifachturnhalle Margel\u00e4cker aktuell aufgrund der Coronapandemie bis auf weiteres pausiert<\/p>\n\t\t<\/div>\n\t\t\t\t\t<a class=\"elementor-post__read-more\" href=\"https:\/\/dev.dtv-wettingen.ch\/index.php\/2020\/11\/01\/unsere-trainingszeiten-im-muki-vaki\/\" >\n\t\t\t\tWeiterlesen \u00bb\t\t\t<\/a>\n\t\t\t\t<\/div>\n\t\t\t\t<div class=\"elementor-post__meta-data\">\n\t\t\t\t\t<span class=\"elementor-post-date\">\n\t\t\t1. November 2020\t\t<\/span>\n\t\t\t\t<span class=\"elementor-post-avatar\">\n\t\t\tKeine Kommentare\t\t<\/span>\n\t\t\t\t<\/div>\n\t\t\t\t\t<\/div>\n\t\t<\/article>\n\t\t\t\t<article class=\"elementor-post elementor-grid-item post-6408 post type-post status-publish format-standard has-post-thumbnail hentry category-covid-19 category-geraeteturnen\">\n\t\t\t<div class=\"elementor-post__card\">\n\t\t\t\t<a class=\"elementor-post__thumbnail__link\" href=\"https:\/\/dev.dtv-wettingen.ch\/index.php\/2020\/10\/19\/geraeteturnen-massnahmen-trainingsbetrieb\/\" >\n\t\t\t<div class=\"elementor-post__thumbnail\"><img width=\"300\" height=\"169\" src=\"https:\/\/dev.dtv-wettingen.ch\/wp-content\/uploads\/2020\/10\/DTV_Illustrationen_Muster_Corona_klein-300x169.png\" class=\"attachment-medium size-medium\" alt=\"\" loading=\"lazy\" srcset=\"https:\/\/dev.dtv-wettingen.ch\/wp-content\/uploads\/2020\/10\/DTV_Illustrationen_Muster_Corona_klein-300x169.png 300w, https:\/\/dev.dtv-wettingen.ch\/wp-content\/uploads\/2020\/10\/DTV_Illustrationen_Muster_Corona_klein-1920x1080.png 1920w, https:\/\/dev.dtv-wettingen.ch\/wp-content\/uploads\/2020\/10\/DTV_Illustrationen_Muster_Corona_klein-768x432.png 768w, https:\/\/dev.dtv-wettingen.ch\/wp-content\/uploads\/2020\/10\/DTV_Illustrationen_Muster_Corona_klein-1536x864.png 1536w, https:\/\/dev.dtv-wettingen.ch\/wp-content\/uploads\/2020\/10\/DTV_Illustrationen_Muster_Corona_klein-2048x1152.png 2048w\" sizes=\"(max-width: 300px) 100vw, 300px\" \/><\/div>\n\t\t<\/a>\n\t\t\t\t<div class=\"elementor-post__text\">\n\t\t\t\t<h3 class=\"elementor-post__title\">\n\t\t\t<a href=\"https:\/\/dev.dtv-wettingen.ch\/index.php\/2020\/10\/19\/geraeteturnen-massnahmen-trainingsbetrieb\/\" >\n\t\t\t\tGer\u00e4teturnen: Massnahmen Trainingsbetrieb\t\t\t<\/a>\n\t\t<\/h3>\n\t\t\t\t<div class=\"elementor-post__excerpt\">\n\t\t\t<p>Liebe TurnerInnen, Liebe LeiterInnen, Liebe Eltern Das Coronavirus hat unseren Alltag fest im Griff. Der Bundesrat hat dieses Wochenende neue Schutzmassnahmen angeordnet. So gilt schweizweit<\/p>\n\t\t<\/div>\n\t\t\t\t\t<a class=\"elementor-post__read-more\" href=\"https:\/\/dev.dtv-wettingen.ch\/index.php\/2020\/10\/19\/geraeteturnen-massnahmen-trainingsbetrieb\/\" >\n\t\t\t\tWeiterlesen \u00bb\t\t\t<\/a>\n\t\t\t\t<\/div>\n\t\t\t\t<div class=\"elementor-post__meta-data\">\n\t\t\t\t\t<span class=\"elementor-post-date\">\n\t\t\t19. Oktober 2020\t\t<\/span>\n\t\t\t\t<span class=\"elementor-post-avatar\">\n\t\t\tKeine Kommentare\t\t<\/span>\n\t\t\t\t<\/div>\n\t\t\t\t\t<\/div>\n\t\t<\/article>\n\t\t\t\t<\/div>\n\t\t\t\t<\/div>\n\t\t\t\t<\/div>\n\t\t\t\t<div class=\"elementor-element elementor-element-0458f5c elementor-widget elementor-widget-spacer\" data-id=\"0458f5c\" data-element_type=\"widget\" data-widget_type=\"spacer.default\">\n\t\t\t\t<div class=\"elementor-widget-container\">\n\t\t\t\t\t<div class=\"elementor-spacer\">\n\t\t\t<div class=\"elementor-spacer-inner\"><\/div>\n\t\t<\/div>\n\t\t\t\t<\/div>\n\t\t\t\t<\/div>\n\t\t\t\t\t<\/div>\n\t\t<\/div>\n\t\t\t\t\t\t\t<\/div>\n\t\t<\/section>\n\t\t\t\t\t\t<\/div>\n\t\t\t\t\t<\/div>\n\t\t","protected":false},"excerpt":{"rendered":"<p>Infos Covid-19 Allgemein Frauenriege GETU Gymnastik Kinderturnen M\u00e4dchenriege Korbball Allgemein Aufgrund der Ausbreitung des\u00a0Coronavirus, den entsprechenden Massnahmen vom Bund und zum Schutz aller Turnerinnen sowie deren Angeh\u00f6rigen, hat\u00a0der Vorstand des Damenturnvereins entschieden, den Trainingsbetrieb f\u00fcr alle Riegen einzustellen (Ausnahme: GETU Jugend, Gymnastik Testgruppe, Kinderturnen, M\u00e4dchenriege, Korbball Jugend). Diese Regelung gilt bis auf Weiteres. Seitens des &hellip;<\/p>\n<p class=\"read-more\"> <a class=\"\" href=\"https:\/\/dev.dtv-wettingen.ch\/index.php\/2020\/10\/19\/geraeteturnen-massnahmen-trainingsbetrieb\/\"> <span class=\"screen-reader-text\">Ger\u00e4teturnen: Massnahmen Trainingsbetrieb<\/span> Weiterlesen &raquo;<\/a><\/p>\n","protected":false},"author":4,"featured_media":0,"parent":0,"menu_order":0,"comment_status":"closed","ping_status":"closed","template":"elementor_header_footer","meta":[],"_links":{"self":[{"href":"https:\/\/dev.dtv-wettingen.ch\/index.php\/wp-json\/wp\/v2\/pages\/6896"}],"collection":[{"href":"https:\/\/dev.dtv-wettingen.ch\/index.php\/wp-json\/wp\/v2\/pages"}],"about":[{"href":"https:\/\/dev.dtv-wettingen.ch\/index.php\/wp-json\/wp\/v2\/types\/page"}],"author":[{"embeddable":true,"href":"https:\/\/dev.dtv-wettingen.ch\/index.php\/wp-json\/wp\/v2\/users\/4"}],"replies":[{"embeddable":true,"href":"https:\/\/dev.dtv-wettingen.ch\/index.php\/wp-json\/wp\/v2\/comments?post=6896"}],"version-history":[{"count":121,"href":"https:\/\/dev.dtv-wettingen.ch\/index.php\/wp-json\/wp\/v2\/pages\/6896\/revisions"}],"predecessor-version":[{"id":8137,"href":"https:\/\/dev.dtv-wettingen.ch\/index.php\/wp-json\/wp\/v2\/pages\/6896\/revisions\/8137"}],"wp:attachment":[{"href":"https:\/\/dev.dtv-wettingen.ch\/index.php\/wp-json\/wp\/v2\/media?parent=6896"}],"curies":[{"name":"wp","href":"https:\/\/api.w.org\/{rel}","templated":true}]}}