{"id":98,"date":"2021-02-03T18:03:14","date_gmt":"2021-02-03T18:03:14","guid":{"rendered":"https:\/\/dev.dtv-wettingen.ch\/?page_id=98"},"modified":"2021-02-27T22:37:06","modified_gmt":"2021-02-27T21:37:06","slug":"kinderturnen","status":"publish","type":"page","link":"https:\/\/dev.dtv-wettingen.ch\/index.php\/kinderturnen\/","title":{"rendered":"Kinderturnen"},"content":{"rendered":"\t\t<div data-elementor-type=\"wp-page\" data-elementor-id=\"98\" class=\"elementor elementor-98\" data-elementor-settings=\"[]\">\n\t\t\t\t\t\t\t<div class=\"elementor-section-wrap\">\n\t\t\t\t\t\t\t<section class=\"elementor-section elementor-top-section elementor-element elementor-element-5162dad elementor-section-boxed elementor-section-height-default elementor-section-height-default\" data-id=\"5162dad\" data-element_type=\"section\">\n\t\t\t\t\t\t<div class=\"elementor-container elementor-column-gap-default\">\n\t\t\t\t\t<div class=\"elementor-column elementor-col-100 elementor-top-column elementor-element elementor-element-6dd5b8e\" data-id=\"6dd5b8e\" data-element_type=\"column\">\n\t\t\t<div class=\"elementor-widget-wrap elementor-element-populated\">\n\t\t\t\t\t\t\t\t<div class=\"elementor-element elementor-element-4dc2b0e elementor-widget elementor-widget-heading\" data-id=\"4dc2b0e\" data-element_type=\"widget\" data-widget_type=\"heading.default\">\n\t\t\t\t<div class=\"elementor-widget-container\">\n\t\t\t<h2 class=\"elementor-heading-title elementor-size-default\">Kinderturnen<\/h2>\t\t<\/div>\n\t\t\t\t<\/div>\n\t\t\t\t\t<\/div>\n\t\t<\/div>\n\t\t\t\t\t\t\t<\/div>\n\t\t<\/section>\n\t\t\t\t<section class=\"elementor-section elementor-top-section elementor-element elementor-element-90cbde7 elementor-section-boxed elementor-section-height-default elementor-section-height-default\" data-id=\"90cbde7\" data-element_type=\"section\">\n\t\t\t\t\t\t<div class=\"elementor-container elementor-column-gap-default\">\n\t\t\t\t\t<div class=\"elementor-column elementor-col-33 elementor-top-column elementor-element elementor-element-bdc0d49\" data-id=\"bdc0d49\" data-element_type=\"column\">\n\t\t\t<div class=\"elementor-widget-wrap\">\n\t\t\t\t\t\t\t\t\t<\/div>\n\t\t<\/div>\n\t\t\t\t<div class=\"elementor-column elementor-col-33 elementor-top-column elementor-element elementor-element-5b95b0e\" data-id=\"5b95b0e\" data-element_type=\"column\">\n\t\t\t<div class=\"elementor-widget-wrap elementor-element-populated\">\n\t\t\t\t\t\t\t\t<div class=\"elementor-element elementor-element-c9315df elementor-widget elementor-widget-image\" data-id=\"c9315df\" data-element_type=\"widget\" data-widget_type=\"image.default\">\n\t\t\t\t<div class=\"elementor-widget-container\">\n\t\t\t\t\t\t\t\t\t\t\t\t\t\t\t<img width=\"1620\" height=\"1080\" src=\"https:\/\/dev.dtv-wettingen.ch\/wp-content\/uploads\/2021\/02\/17_Jubishow-6516-1620x1080.jpg\" class=\"attachment-large size-large\" alt=\"\" loading=\"lazy\" srcset=\"https:\/\/dev.dtv-wettingen.ch\/wp-content\/uploads\/2021\/02\/17_Jubishow-6516-1620x1080.jpg 1620w, https:\/\/dev.dtv-wettingen.ch\/wp-content\/uploads\/2021\/02\/17_Jubishow-6516-300x200.jpg 300w, https:\/\/dev.dtv-wettingen.ch\/wp-content\/uploads\/2021\/02\/17_Jubishow-6516-768x512.jpg 768w, https:\/\/dev.dtv-wettingen.ch\/wp-content\/uploads\/2021\/02\/17_Jubishow-6516-1536x1024.jpg 1536w, https:\/\/dev.dtv-wettingen.ch\/wp-content\/uploads\/2021\/02\/17_Jubishow-6516.jpg 2000w\" sizes=\"(max-width: 1620px) 100vw, 1620px\" \/>\t\t\t\t\t\t\t\t\t\t\t\t\t\t\t<\/div>\n\t\t\t\t<\/div>\n\t\t\t\t<div class=\"elementor-element elementor-element-d823af1 elementor-widget elementor-widget-text-editor\" data-id=\"d823af1\" data-element_type=\"widget\" data-widget_type=\"text-editor.default\">\n\t\t\t\t<div class=\"elementor-widget-container\">\n\t\t\t\t\t\t\t<p>Das KITU bietet eine breite sportliche Grundausbildung. Jedes Kind (auch das Schw\u00e4chste) soll m\u00f6glichst vielseitige Bewegungserfahrungen sammeln und seine pers\u00f6nlichen St\u00e4rken und Schw\u00e4chen erfahren.<\/p><p>Das KITU beteiligt sich von Zeit zu Zeit an Turnveranstaltungen. Die Kinder lernen im Rahmen einer Gruppe eine \u00dcbung (meist mit Musik) vorzubereiten und auszuf\u00fchren.<\/p>\t\t\t\t\t\t<\/div>\n\t\t\t\t<\/div>\n\t\t\t\t\t<\/div>\n\t\t<\/div>\n\t\t\t\t<div class=\"elementor-column elementor-col-33 elementor-top-column elementor-element elementor-element-483df15\" data-id=\"483df15\" data-element_type=\"column\">\n\t\t\t<div class=\"elementor-widget-wrap\">\n\t\t\t\t\t\t\t\t\t<\/div>\n\t\t<\/div>\n\t\t\t\t\t\t\t<\/div>\n\t\t<\/section>\n\t\t\t\t<section class=\"elementor-section elementor-top-section elementor-element elementor-element-a19c15e elementor-section-boxed elementor-section-height-default elementor-section-height-default\" data-id=\"a19c15e\" data-element_type=\"section\">\n\t\t\t\t\t\t<div class=\"elementor-container elementor-column-gap-default\">\n\t\t\t\t\t<div class=\"elementor-column elementor-col-100 elementor-top-column elementor-element elementor-element-a9e1f58\" data-id=\"a9e1f58\" data-element_type=\"column\">\n\t\t\t<div class=\"elementor-widget-wrap elementor-element-populated\">\n\t\t\t\t\t\t\t\t<div class=\"elementor-element elementor-element-81d0a1b elementor-widget elementor-widget-spacer\" data-id=\"81d0a1b\" data-element_type=\"widget\" data-widget_type=\"spacer.default\">\n\t\t\t\t<div class=\"elementor-widget-container\">\n\t\t\t\t\t<div class=\"elementor-spacer\">\n\t\t\t<div class=\"elementor-spacer-inner\"><\/div>\n\t\t<\/div>\n\t\t\t\t<\/div>\n\t\t\t\t<\/div>\n\t\t\t\t<div class=\"elementor-element elementor-element-d20b789 elementor-widget elementor-widget-heading\" data-id=\"d20b789\" data-element_type=\"widget\" data-widget_type=\"heading.default\">\n\t\t\t\t<div class=\"elementor-widget-container\">\n\t\t\t<h2 class=\"elementor-heading-title elementor-size-default\">Unser Training<\/h2>\t\t<\/div>\n\t\t\t\t<\/div>\n\t\t\t\t<div class=\"elementor-element elementor-element-a57ec75 elementor-widget elementor-widget-html\" data-id=\"a57ec75\" data-element_type=\"widget\" data-widget_type=\"html.default\">\n\t\t\t\t<div class=\"elementor-widget-container\">\n\t\t\t\n<table id=\"tablepress-8\" class=\"tablepress tablepress-id-8 tablepress-responsive\">\n<thead>\n<tr class=\"row-1 odd\">\n\t<th class=\"column-1\">Gruppe<\/th><th class=\"column-2\">Wochentag<\/th><th class=\"column-3\">Zeit<\/th><th class=\"column-4\">Ort<\/th>\n<\/tr>\n<\/thead>\n<tbody class=\"row-hover\">\n<tr class=\"row-2 even\">\n\t<td class=\"column-1\">Kinderturnen<\/td><td class=\"column-2\">Mittwoch<\/td><td class=\"column-3\">17.15 \u2013 18.15<\/td><td class=\"column-4\">Bifang<\/td>\n<\/tr>\n<\/tbody>\n<\/table>\n<!-- #tablepress-8 from cache -->\t\t<\/div>\n\t\t\t\t<\/div>\n\t\t\t\t\t<\/div>\n\t\t<\/div>\n\t\t\t\t\t\t\t<\/div>\n\t\t<\/section>\n\t\t\t\t<section class=\"elementor-section elementor-top-section elementor-element elementor-element-f35641b elementor-section-boxed elementor-section-height-default elementor-section-height-default\" data-id=\"f35641b\" data-element_type=\"section\">\n\t\t\t\t\t\t<div class=\"elementor-container elementor-column-gap-default\">\n\t\t\t\t\t<div class=\"elementor-column elementor-col-33 elementor-top-column elementor-element elementor-element-d3bb40d\" data-id=\"d3bb40d\" data-element_type=\"column\">\n\t\t\t<div class=\"elementor-widget-wrap\">\n\t\t\t\t\t\t\t\t\t<\/div>\n\t\t<\/div>\n\t\t\t\t<div class=\"elementor-column elementor-col-33 elementor-top-column elementor-element elementor-element-39d4ba3\" data-id=\"39d4ba3\" data-element_type=\"column\">\n\t\t\t<div class=\"elementor-widget-wrap elementor-element-populated\">\n\t\t\t\t\t\t\t\t<div class=\"elementor-element elementor-element-1ef8597 elementor-widget elementor-widget-spacer\" data-id=\"1ef8597\" data-element_type=\"widget\" data-widget_type=\"spacer.default\">\n\t\t\t\t<div class=\"elementor-widget-container\">\n\t\t\t\t\t<div class=\"elementor-spacer\">\n\t\t\t<div class=\"elementor-spacer-inner\"><\/div>\n\t\t<\/div>\n\t\t\t\t<\/div>\n\t\t\t\t<\/div>\n\t\t\t\t<div class=\"elementor-element elementor-element-0ed439c elementor-widget elementor-widget-heading\" data-id=\"0ed439c\" data-element_type=\"widget\" data-widget_type=\"heading.default\">\n\t\t\t\t<div class=\"elementor-widget-container\">\n\t\t\t<h2 class=\"elementor-heading-title elementor-size-default\">Leiterinnen<\/h2>\t\t<\/div>\n\t\t\t\t<\/div>\n\t\t\t\t<div class=\"elementor-element elementor-element-184e3f9 elementor-widget elementor-widget-image\" data-id=\"184e3f9\" data-element_type=\"widget\" data-widget_type=\"image.default\">\n\t\t\t\t<div class=\"elementor-widget-container\">\n\t\t\t\t\t\t\t\t\t\t\t\t\t\t\t<img width=\"1620\" height=\"1080\" src=\"https:\/\/dev.dtv-wettingen.ch\/wp-content\/uploads\/2021\/02\/17_Jubishow-6519-1620x1080.jpg\" class=\"attachment-large size-large\" alt=\"\" loading=\"lazy\" srcset=\"https:\/\/dev.dtv-wettingen.ch\/wp-content\/uploads\/2021\/02\/17_Jubishow-6519-1620x1080.jpg 1620w, https:\/\/dev.dtv-wettingen.ch\/wp-content\/uploads\/2021\/02\/17_Jubishow-6519-300x200.jpg 300w, https:\/\/dev.dtv-wettingen.ch\/wp-content\/uploads\/2021\/02\/17_Jubishow-6519-768x512.jpg 768w, https:\/\/dev.dtv-wettingen.ch\/wp-content\/uploads\/2021\/02\/17_Jubishow-6519-1536x1024.jpg 1536w, https:\/\/dev.dtv-wettingen.ch\/wp-content\/uploads\/2021\/02\/17_Jubishow-6519.jpg 2000w\" sizes=\"(max-width: 1620px) 100vw, 1620px\" \/>\t\t\t\t\t\t\t\t\t\t\t\t\t\t\t<\/div>\n\t\t\t\t<\/div>\n\t\t\t\t<div class=\"elementor-element elementor-element-0d809c7 elementor-widget elementor-widget-text-editor\" data-id=\"0d809c7\" data-element_type=\"widget\" data-widget_type=\"text-editor.default\">\n\t\t\t\t<div class=\"elementor-widget-container\">\n\t\t\t\t\t\t\t<p>Alle KITU-Leiterinnen\/Leiter sind f\u00fcr alle Kids zust\u00e4ndig.<\/p><p>Esther Baumann \u2013 Verantwortliche KITU und Hauptleiterin<br \/>Daniel K\u00e4stli \u2013 Leiter mit J+S Ausbildung<br \/>Dorly Baumann \u2013 Hilfsleiterin<br \/>Simone L\u00fcscher \u2013 Hilfsleiterin<\/p><p>Kontakt: <a href=\"mailto:kitu@dtv-wettingen.ch\">kitu@dtv-wettingen.ch<\/a><\/p>\t\t\t\t\t\t<\/div>\n\t\t\t\t<\/div>\n\t\t\t\t\t<\/div>\n\t\t<\/div>\n\t\t\t\t<div class=\"elementor-column elementor-col-33 elementor-top-column elementor-element elementor-element-69cd00d\" data-id=\"69cd00d\" data-element_type=\"column\">\n\t\t\t<div class=\"elementor-widget-wrap\">\n\t\t\t\t\t\t\t\t\t<\/div>\n\t\t<\/div>\n\t\t\t\t\t\t\t<\/div>\n\t\t<\/section>\n\t\t\t\t<section class=\"elementor-section elementor-top-section elementor-element elementor-element-a980a76 elementor-section-boxed elementor-section-height-default elementor-section-height-default\" data-id=\"a980a76\" data-element_type=\"section\" data-settings=\"{&quot;background_background&quot;:&quot;classic&quot;}\">\n\t\t\t\t\t\t<div class=\"elementor-container elementor-column-gap-default\">\n\t\t\t\t\t<div class=\"elementor-column elementor-col-100 elementor-top-column elementor-element elementor-element-532c1fa\" data-id=\"532c1fa\" data-element_type=\"column\">\n\t\t\t<div class=\"elementor-widget-wrap elementor-element-populated\">\n\t\t\t\t\t\t\t\t<div class=\"elementor-element elementor-element-29fff87 elementor-widget elementor-widget-spacer\" data-id=\"29fff87\" data-element_type=\"widget\" data-widget_type=\"spacer.default\">\n\t\t\t\t<div class=\"elementor-widget-container\">\n\t\t\t\t\t<div class=\"elementor-spacer\">\n\t\t\t<div class=\"elementor-spacer-inner\"><\/div>\n\t\t<\/div>\n\t\t\t\t<\/div>\n\t\t\t\t<\/div>\n\t\t\t\t<div class=\"elementor-element elementor-element-3d4a80e elementor-grid-3 elementor-grid-tablet-2 elementor-grid-mobile-1 elementor-posts--thumbnail-top elementor-card-shadow-yes elementor-posts__hover-gradient elementor-invisible elementor-widget elementor-widget-posts\" data-id=\"3d4a80e\" data-element_type=\"widget\" data-settings=\"{&quot;cards_row_gap&quot;:{&quot;unit&quot;:&quot;px&quot;,&quot;size&quot;:50,&quot;sizes&quot;:[]},&quot;_animation&quot;:&quot;fadeInUp&quot;,&quot;cards_columns&quot;:&quot;3&quot;,&quot;cards_columns_tablet&quot;:&quot;2&quot;,&quot;cards_columns_mobile&quot;:&quot;1&quot;}\" data-widget_type=\"posts.cards\">\n\t\t\t\t<div class=\"elementor-widget-container\">\n\t\t\t\t\t<div class=\"elementor-posts-container elementor-posts elementor-posts--skin-cards elementor-grid\">\n\t\t\t\t<article class=\"elementor-post elementor-grid-item post-1843 post type-post status-publish format-standard has-post-thumbnail hentry category-covid-19 category-kinderturnen\">\n\t\t\t<div class=\"elementor-post__card\">\n\t\t\t\t<div class=\"elementor-post__text\">\n\t\t\t\t<h3 class=\"elementor-post__title\">\n\t\t\t<a href=\"https:\/\/dev.dtv-wettingen.ch\/index.php\/2020\/11\/01\/unsere-trainingszeiten-im-muki-vaki\/\" >\n\t\t\t\tUnsere Trainingszeiten im Muki-Vaki\t\t\t<\/a>\n\t\t<\/h3>\n\t\t\t\t<div class=\"elementor-post__excerpt\">\n\t\t\t<p>Start nach den Herbstferien 2020 bis zu den Fr\u00fchlingsferien 2021 Montagmorgen von 9.00h\u201310.00h in der Dreifachturnhalle Margel\u00e4cker aktuell aufgrund der Coronapandemie bis auf weiteres pausiert<\/p>\n\t\t<\/div>\n\t\t\t\t\t<a class=\"elementor-post__read-more\" href=\"https:\/\/dev.dtv-wettingen.ch\/index.php\/2020\/11\/01\/unsere-trainingszeiten-im-muki-vaki\/\" >\n\t\t\t\tWeiterlesen \u00bb\t\t\t<\/a>\n\t\t\t\t<\/div>\n\t\t\t\t<div class=\"elementor-post__meta-data\">\n\t\t\t\t\t<span class=\"elementor-post-date\">\n\t\t\t1. November 2020\t\t<\/span>\n\t\t\t\t<span class=\"elementor-post-avatar\">\n\t\t\tKeine Kommentare\t\t<\/span>\n\t\t\t\t<\/div>\n\t\t\t\t\t<\/div>\n\t\t<\/article>\n\t\t\t\t<article class=\"elementor-post elementor-grid-item post-5766 post type-post status-publish format-standard has-post-thumbnail hentry category-kinderturnen category-verein\">\n\t\t\t<div class=\"elementor-post__card\">\n\t\t\t\t<div class=\"elementor-post__text\">\n\t\t\t\t<h3 class=\"elementor-post__title\">\n\t\t\t<a href=\"https:\/\/dev.dtv-wettingen.ch\/index.php\/2019\/09\/15\/kitu-wettingen-gewinnt-den-8-plauschwettkampf-in-fislisbach\/\" >\n\t\t\t\tKITU Wettingen gewinnt den 8. Plauschwettkampf in Fislisbach\t\t\t<\/a>\n\t\t<\/h3>\n\t\t\t\t<div class=\"elementor-post__excerpt\">\n\t\t\t<p>KITU Wettingen gewinnt den 8. Plauschwettkampf in Fislisbach Bei der ersten Teilnahme am mittlerweile 8. Plauschwettkampf in Fislisbach gewann das KITU Wettingen in ihrer Kategorie<\/p>\n\t\t<\/div>\n\t\t\t\t\t<a class=\"elementor-post__read-more\" href=\"https:\/\/dev.dtv-wettingen.ch\/index.php\/2019\/09\/15\/kitu-wettingen-gewinnt-den-8-plauschwettkampf-in-fislisbach\/\" >\n\t\t\t\tWeiterlesen \u00bb\t\t\t<\/a>\n\t\t\t\t<\/div>\n\t\t\t\t<div class=\"elementor-post__meta-data\">\n\t\t\t\t\t<span class=\"elementor-post-date\">\n\t\t\t15. September 2019\t\t<\/span>\n\t\t\t\t<span class=\"elementor-post-avatar\">\n\t\t\tKeine Kommentare\t\t<\/span>\n\t\t\t\t<\/div>\n\t\t\t\t\t<\/div>\n\t\t<\/article>\n\t\t\t\t<article class=\"elementor-post elementor-grid-item post-2089 post type-post status-publish format-standard hentry category-kinderturnen\">\n\t\t\t<div class=\"elementor-post__card\">\n\t\t\t\t<div class=\"elementor-post__text\">\n\t\t\t\t<h3 class=\"elementor-post__title\">\n\t\t\t<a href=\"https:\/\/dev.dtv-wettingen.ch\/index.php\/2015\/07\/08\/unsere-kinder-der-saison-20142015\/\" >\n\t\t\t\tUnsere Kinder der Saison 2014\/2015\t\t\t<\/a>\n\t\t<\/h3>\n\t\t\t\t<div class=\"elementor-post__excerpt\">\n\t\t\t<p>unsere Abschluss-Stunde Juli 2015 mit 17 Kindern von insgesamt 25.<\/p>\n\t\t<\/div>\n\t\t\t\t\t<a class=\"elementor-post__read-more\" href=\"https:\/\/dev.dtv-wettingen.ch\/index.php\/2015\/07\/08\/unsere-kinder-der-saison-20142015\/\" >\n\t\t\t\tWeiterlesen \u00bb\t\t\t<\/a>\n\t\t\t\t<\/div>\n\t\t\t\t<div class=\"elementor-post__meta-data\">\n\t\t\t\t\t<span class=\"elementor-post-date\">\n\t\t\t8. Juli 2015\t\t<\/span>\n\t\t\t\t<span class=\"elementor-post-avatar\">\n\t\t\tKeine Kommentare\t\t<\/span>\n\t\t\t\t<\/div>\n\t\t\t\t\t<\/div>\n\t\t<\/article>\n\t\t\t\t<article class=\"elementor-post elementor-grid-item post-2098 post type-post status-publish format-standard hentry category-kinderturnen\">\n\t\t\t<div class=\"elementor-post__card\">\n\t\t\t\t<div class=\"elementor-post__text\">\n\t\t\t\t<h3 class=\"elementor-post__title\">\n\t\t\t<a href=\"https:\/\/dev.dtv-wettingen.ch\/index.php\/2015\/07\/08\/impressionen-kitu-abschluss-stunde-2015\/\" >\n\t\t\t\tImpressionen KITU-Abschluss Stunde 2015\t\t\t<\/a>\n\t\t<\/h3>\n\t\t\t\t<div class=\"elementor-post__excerpt\">\n\t\t\t<p>Wasser \/ G\u00f6tschen \/ Spass und Sonne<\/p>\n\t\t<\/div>\n\t\t\t\t\t<a class=\"elementor-post__read-more\" href=\"https:\/\/dev.dtv-wettingen.ch\/index.php\/2015\/07\/08\/impressionen-kitu-abschluss-stunde-2015\/\" >\n\t\t\t\tWeiterlesen \u00bb\t\t\t<\/a>\n\t\t\t\t<\/div>\n\t\t\t\t<div class=\"elementor-post__meta-data\">\n\t\t\t\t\t<span class=\"elementor-post-date\">\n\t\t\t8. Juli 2015\t\t<\/span>\n\t\t\t\t<span class=\"elementor-post-avatar\">\n\t\t\tKeine Kommentare\t\t<\/span>\n\t\t\t\t<\/div>\n\t\t\t\t\t<\/div>\n\t\t<\/article>\n\t\t\t\t<\/div>\n\t\t\t\t<\/div>\n\t\t\t\t<\/div>\n\t\t\t\t<div class=\"elementor-element elementor-element-55a9a06 elementor-widget elementor-widget-spacer\" data-id=\"55a9a06\" data-element_type=\"widget\" data-widget_type=\"spacer.default\">\n\t\t\t\t<div class=\"elementor-widget-container\">\n\t\t\t\t\t<div class=\"elementor-spacer\">\n\t\t\t<div class=\"elementor-spacer-inner\"><\/div>\n\t\t<\/div>\n\t\t\t\t<\/div>\n\t\t\t\t<\/div>\n\t\t\t\t\t<\/div>\n\t\t<\/div>\n\t\t\t\t\t\t\t<\/div>\n\t\t<\/section>\n\t\t\t\t\t\t<\/div>\n\t\t\t\t\t<\/div>\n\t\t","protected":false},"excerpt":{"rendered":"<p>Kinderturnen Das KITU bietet eine breite sportliche Grundausbildung. Jedes Kind (auch das Schw\u00e4chste) soll m\u00f6glichst vielseitige Bewegungserfahrungen sammeln und seine pers\u00f6nlichen St\u00e4rken und Schw\u00e4chen erfahren. Das KITU beteiligt sich von Zeit zu Zeit an Turnveranstaltungen. Die Kinder lernen im Rahmen einer Gruppe eine \u00dcbung (meist mit Musik) vorzubereiten und auszuf\u00fchren. Unser Training Leiterinnen Alle KITU-Leiterinnen\/Leiter &hellip;<\/p>\n<p class=\"read-more\"> <a class=\"\" href=\"https:\/\/dev.dtv-wettingen.ch\/index.php\/2015\/07\/08\/impressionen-kitu-abschluss-stunde-2015\/\"> <span class=\"screen-reader-text\">Impressionen KITU-Abschluss Stunde 2015<\/span> Weiterlesen &raquo;<\/a><\/p>\n","protected":false},"author":4,"featured_media":0,"parent":0,"menu_order":0,"comment_status":"closed","ping_status":"closed","template":"","meta":[],"_links":{"self":[{"href":"https:\/\/dev.dtv-wettingen.ch\/index.php\/wp-json\/wp\/v2\/pages\/98"}],"collection":[{"href":"https:\/\/dev.dtv-wettingen.ch\/index.php\/wp-json\/wp\/v2\/pages"}],"about":[{"href":"https:\/\/dev.dtv-wettingen.ch\/index.php\/wp-json\/wp\/v2\/types\/page"}],"author":[{"embeddable":true,"href":"https:\/\/dev.dtv-wettingen.ch\/index.php\/wp-json\/wp\/v2\/users\/4"}],"replies":[{"embeddable":true,"href":"https:\/\/dev.dtv-wettingen.ch\/index.php\/wp-json\/wp\/v2\/comments?post=98"}],"version-history":[{"count":40,"href":"https:\/\/dev.dtv-wettingen.ch\/index.php\/wp-json\/wp\/v2\/pages\/98\/revisions"}],"predecessor-version":[{"id":8011,"href":"https:\/\/dev.dtv-wettingen.ch\/index.php\/wp-json\/wp\/v2\/pages\/98\/revisions\/8011"}],"wp:attachment":[{"href":"https:\/\/dev.dtv-wettingen.ch\/index.php\/wp-json\/wp\/v2\/media?parent=98"}],"curies":[{"name":"wp","href":"https:\/\/api.w.org\/{rel}","templated":true}]}}